{"id":2521,"date":"2021-03-16T13:28:35","date_gmt":"2021-03-16T13:28:35","guid":{"rendered":"https:\/\/rpbg.com\/rpbg\/?page_id=2521"},"modified":"2021-04-07T14:31:02","modified_gmt":"2021-04-07T14:31:02","slug":"oil-gas-mining","status":"publish","type":"page","link":"https:\/\/rpbg.com\/rpbg\/en_us\/oil-gas-mining\/","title":{"rendered":"Oil, Gas &#038; Mining"},"content":{"rendered":"<p>[et_pb_section fb_built=&#8221;1&#8243; fullwidth=&#8221;on&#8221; _builder_version=&#8221;4.9.0&#8243; _module_preset=&#8221;default&#8221; da_disable_devices=&#8221;off|off|off&#8221; locked=&#8221;off&#8221; da_is_popup=&#8221;off&#8221; da_exit_intent=&#8221;off&#8221; da_has_close=&#8221;on&#8221; da_alt_close=&#8221;off&#8221; da_dark_close=&#8221;off&#8221; da_not_modal=&#8221;on&#8221; da_is_singular=&#8221;off&#8221; da_with_loader=&#8221;off&#8221; da_has_shadow=&#8221;on&#8221;][et_pb_fullwidth_image src=&#8221;https:\/\/rpbg.com\/rpbg\/wp-content\/uploads\/2021\/03\/oil_gas_industrie_banner-C-scaled.jpg&#8221; title_text=&#8221;oil_gas_industrie_banner-C&#8221; _builder_version=&#8221;4.9.0&#8243; _module_preset=&#8221;default&#8221;][\/et_pb_fullwidth_image][\/et_pb_section][et_pb_section fb_built=&#8221;1&#8243; _builder_version=&#8221;4.9.0&#8243; _module_preset=&#8221;default&#8221; custom_padding=&#8221;0px||0px|||&#8221; da_disable_devices=&#8221;off|off|off&#8221; locked=&#8221;off&#8221; da_is_popup=&#8221;off&#8221; da_exit_intent=&#8221;off&#8221; da_has_close=&#8221;on&#8221; da_alt_close=&#8221;off&#8221; da_dark_close=&#8221;off&#8221; da_not_modal=&#8221;on&#8221; da_is_singular=&#8221;off&#8221; da_with_loader=&#8221;off&#8221; da_has_shadow=&#8221;on&#8221;][et_pb_row _builder_version=&#8221;4.9.0&#8243; _module_preset=&#8221;default&#8221; custom_padding=&#8221;||4px|||&#8221;][et_pb_column type=&#8221;4_4&#8243; _builder_version=&#8221;4.9.0&#8243; _module_preset=&#8221;default&#8221;][et_pb_image src=&#8221;https:\/\/rpbg.com\/rpbg\/wp-content\/uploads\/2021\/03\/RPBG_blokjes-300&#215;60.png&#8221; title_text=&#8221;RPBG_blokjes&#8221; align=&#8221;center&#8221; _builder_version=&#8221;4.9.0&#8243; _module_preset=&#8221;default&#8221;][\/et_pb_image][\/et_pb_column][\/et_pb_row][\/et_pb_section][et_pb_section fb_built=&#8221;1&#8243; _builder_version=&#8221;4.9.0&#8243; _module_preset=&#8221;default&#8221; custom_padding=&#8221;4px|||||&#8221; da_disable_devices=&#8221;off|off|off&#8221; locked=&#8221;off&#8221; da_is_popup=&#8221;off&#8221; da_exit_intent=&#8221;off&#8221; da_has_close=&#8221;on&#8221; da_alt_close=&#8221;off&#8221; da_dark_close=&#8221;off&#8221; da_not_modal=&#8221;on&#8221; da_is_singular=&#8221;off&#8221; da_with_loader=&#8221;off&#8221; da_has_shadow=&#8221;on&#8221;][et_pb_row _builder_version=&#8221;4.9.0&#8243; _module_preset=&#8221;default&#8221; custom_padding=&#8221;4px||0px|||&#8221; locked=&#8221;off&#8221;][et_pb_column type=&#8221;4_4&#8243; _builder_version=&#8221;4.9.0&#8243; _module_preset=&#8221;default&#8221;][et_pb_text _builder_version=&#8221;4.9.0&#8243; _module_preset=&#8221;default&#8221; text_font=&#8221;Roboto||||||||&#8221; text_font_size=&#8221;20px&#8221; custom_margin=&#8221;||1px||false|false&#8221; custom_padding=&#8221;||4px|||&#8221; locked=&#8221;off&#8221;]<\/p>\n<h3><span style=\"color: #666;\"><strong>Oil, Gas &#038; Mining<\/strong><\/span><\/h3>\n<p>[\/et_pb_text][\/et_pb_column][\/et_pb_row][et_pb_row _builder_version=&#8221;4.9.0&#8243; _module_preset=&#8221;default&#8221; custom_padding=&#8221;3px||10px|||&#8221;][et_pb_column type=&#8221;4_4&#8243; _builder_version=&#8221;4.9.0&#8243; _module_preset=&#8221;default&#8221;][et_pb_text _builder_version=&#8221;4.9.0&#8243; _module_preset=&#8221;default&#8221; text_font=&#8221;Roboto||||||||&#8221; text_orientation=&#8221;justified&#8221; hover_enabled=&#8221;0&#8243; locked=&#8221;off&#8221; sticky_enabled=&#8221;0&#8243;]<\/p>\n<h6><b>Netwerken in Olie en Gas<\/b><\/h6>\n<p><span style=\"font-weight: 400;\">Met de steeds veranderende olieprijzen realiseren olie- en gasbedrijven zich dat ze flexibeler en innovatiever moeten worden in de manier waarop ze zich voorbereiden op onvermijdelijke marktverschuivingen. Als zodanig is hun focus gericht op het vinden van de beste mogelijkheden om de productie-effici\u00ebntie te optimaliseren en tegelijkertijd de kosten te minimaliseren.<\/span><\/p>\n<p><span style=\"font-weight: 400;\">Een belangrijk onderdeel om deze operationele voordelen te behalen, is de mogelijkheid om toegang te krijgen tot realtime gegevens en analyses als onderdeel van een volledig ge\u00efntegreerd overzicht van het olieveld, waarbij alle aspecten van de activa en het personeel dat erin opereert, worden begrepen. Industri\u00eble netwerken maken communicatie voor olie- en gasklanten mogelijk om real-time veldinformatie te verzamelen en nieuwe niveaus van operationele integratie te bereiken waar ze naar streven, om de prestaties onder alle marktomstandigheden te maximaliseren.<\/span><\/p>\n<p><span style=\"font-weight: 400;\"><\/span><\/p>\n<h6><b>Optimaliseer doorlopend activa in uw externe bewerkingen.<\/b><\/h6>\n<p><span style=\"font-weight: 400;\">Stel u voor dat u onmiddellijk verbinding zou kunnen maken met een putmond in uw olieveld en direct toegang zou hebben tot flowmetergegevens, druksensoren en andere gegevens over de effici\u00ebntie van de pomp in het boorgat, in plaats van dat u elke keer dat het bedrijfsmiddel moet worden ge\u00ebvalueerd, fysiek een technicus moet sturen. Met sectorspecifieke netwerkapparatuur kunt u precies dat doen, met een onge\u00ebvenaarde effici\u00ebntie. Plaats eenvoudig de draadloze knooppunten op uw boorputlocaties en verbind het commandocentrum naadloos met hun verwerkings-\/bewakingstoepassingen op afstand. Deze zeer robuuste knooppunten vormen een zeer betrouwbaar meshed netwerk dat de data levert die olie- en gasoperatoren nodig hebben om real-time aanpassingen te maken voor continue optimalisatie van de prestaties van de apparatuur. Dit stimuleert effici\u00ebntieverbeteringen die een aanzienlijke impact hebben op de winstgevendheid van het nettoresultaat.<\/span><\/p>\n<p><span style=\"font-weight: 400;\"><\/span><\/p>\n<h6><b>Verkrijg de flexibiliteit om in alle marktomstandigheden beter te presteren.<\/b><\/h6>\n<p><span style=\"font-weight: 400;\">Neem de volledige controle over de productieprestaties en stel uw activiteiten in een betere positie om te slagen in zowel markthoogtes als dieptepunten. Onze oplossingen bieden het strategische voordeel van realtime operationele integratie, met mobiele mogelijkheden die ervoor zorgen dat elk aspect van uw olie- en gasactiviteiten, waar ze zich ook voordoen, kan worden gecontroleerd, beheerd en continu geoptimaliseerd voor maximale output.<\/span><\/p>\n<p><span style=\"font-weight: 400;\"><\/span><\/p>\n<h6><b>Plan vandaag nog een demo<\/b><\/h6>\n<p><span style=\"font-weight: 400;\">Dien hieronder uw gegevens in en we brengen u in contact met onze netwerkexperts om een \u200b\u200bdemo af te spreken.<\/span><\/p>\n<p>[\/et_pb_text][\/et_pb_column][\/et_pb_row][\/et_pb_section][et_pb_section fb_built=&#8221;1&#8243; _builder_version=&#8221;4.9.0&#8243; _module_preset=&#8221;default&#8221; custom_margin=&#8221;||22px|||&#8221; custom_padding=&#8221;4px||34px|||&#8221; da_disable_devices=&#8221;off|off|off&#8221; locked=&#8221;off&#8221; da_is_popup=&#8221;off&#8221; da_exit_intent=&#8221;off&#8221; da_has_close=&#8221;on&#8221; da_alt_close=&#8221;off&#8221; da_dark_close=&#8221;off&#8221; da_not_modal=&#8221;on&#8221; da_is_singular=&#8221;off&#8221; da_with_loader=&#8221;off&#8221; da_has_shadow=&#8221;on&#8221;][et_pb_row _builder_version=&#8221;4.9.0&#8243; _module_preset=&#8221;default&#8221; custom_padding=&#8221;4px||0px|||&#8221; locked=&#8221;off&#8221;][et_pb_column type=&#8221;4_4&#8243; _builder_version=&#8221;4.9.0&#8243; _module_preset=&#8221;default&#8221;][et_pb_text _builder_version=&#8221;4.9.0&#8243; _module_preset=&#8221;default&#8221; text_font=&#8221;Roboto||||||||&#8221; text_font_size=&#8221;20px&#8221; custom_margin=&#8221;||1px||false|false&#8221; custom_padding=&#8221;||4px|||&#8221; locked=&#8221;off&#8221;]<\/p>\n<h3><span style=\"color: #666;\"><strong>RPBG-Education<\/strong><\/span><\/h3>\n<p>[\/et_pb_text][\/et_pb_column][\/et_pb_row][et_pb_row _builder_version=&#8221;4.9.0&#8243; _module_preset=&#8221;default&#8221; custom_padding=&#8221;1px||2px|||&#8221;][et_pb_column type=&#8221;4_4&#8243; _builder_version=&#8221;4.9.0&#8243; _module_preset=&#8221;default&#8221;][et_pb_text _builder_version=&#8221;4.9.0&#8243; _module_preset=&#8221;default&#8221; text_font=&#8221;Roboto||||||||&#8221; text_orientation=&#8221;justified&#8221; hover_enabled=&#8221;0&#8243; locked=&#8221;off&#8221; sticky_enabled=&#8221;0&#8243;]<\/p>\n<p><span style=\"font-weight: 400;\">RPBG Education heeft als voornaamste missie haar positie als toonaangevend trainingsinstituut voor ICT-cursussen te waarborgen. Dit doet zij door haar klanten continu\u00efteit te bieden in het leveren van kwalitatief hoogwaardige en voor de Surinaamse markt nuttige en specialistische ICT- trainingen en hen volledige ondersteuning te geven bij de toepassing en het gebruik van ICT; dit geschiedt\u00a0 zowel op haar eigen locatie (in-house) als\u00a0 In-company Online en Inter Actief Online.\u00a0<\/span><span style=\"font-weight: 400;\">Op de tweede plaats spitst RPBG Education zich toe op E-learning\/ Online leren of het leren via internet. Dit door het gebruik van het RPBG online platform ten behoeve van ICT-trainingen en andersoortige educatieve trainingen en Workshops te stimuleren.\u00a0<\/span><\/p>\n<p><span style=\"font-weight: 400;\">Wij bieden ook trainingen voor kinderen tussen 4 -12 jaar met de nodige professionele begeleiding.<\/span><\/p>\n<p><span style=\"font-weight: 400;\">De visie van de RPBG Education staat als trekker voor alle <\/span>doelstellingen<span style=\"font-weight: 400;\">.\u00a0<\/span><span style=\"font-weight: 400;\">Wij kiezen als model voor het realiseren van succes het model, waarbij wij ICT de TOOL maken voor het behalen van doelen.<\/span><\/p>\n<p><span style=\"font-weight: 400;\">RPBG Education is bij uitstek de organisatie om samen met uw bedrijfsdoelstellingen de gewenste training en of Workshop aan te leveren.<\/span><\/p>\n<p><span style=\"font-weight: 400;\">Met onderstaande kernen:<\/span><\/p>\n<p>[\/et_pb_text][\/et_pb_column][\/et_pb_row][et_pb_row column_structure=&#8221;1_2,1_2&#8243; _builder_version=&#8221;4.9.0&#8243; _module_preset=&#8221;default&#8221; custom_padding=&#8221;0px||1px|||&#8221;][et_pb_column type=&#8221;1_2&#8243; _builder_version=&#8221;4.9.0&#8243; _module_preset=&#8221;default&#8221;][et_pb_text _builder_version=&#8221;4.9.0&#8243; _module_preset=&#8221;default&#8221; text_font=&#8221;Roboto||||||||&#8221; text_orientation=&#8221;justified&#8221; hover_enabled=&#8221;0&#8243; locked=&#8221;off&#8221; sticky_enabled=&#8221;0&#8243;]<\/p>\n<ul>\n<li><span style=\"font-weight: 400;\">Vertrouwen<\/span><\/li>\n<li><span style=\"font-weight: 400;\">Klantgerichtheid<\/span><\/li>\n<li><span style=\"font-weight: 400;\">Integriteit<\/span><\/li>\n<li><span style=\"font-weight: 400;\">Flexibiliteit<\/span><\/li>\n<\/ul>\n<p>[\/et_pb_text][\/et_pb_column][et_pb_column type=&#8221;1_2&#8243; _builder_version=&#8221;4.9.0&#8243; _module_preset=&#8221;default&#8221;][et_pb_text _builder_version=&#8221;4.9.0&#8243; _module_preset=&#8221;default&#8221; text_font=&#8221;Roboto||||||||&#8221; text_orientation=&#8221;justified&#8221; hover_enabled=&#8221;0&#8243; locked=&#8221;off&#8221; sticky_enabled=&#8221;0&#8243;]<\/p>\n<ul>\n<li>\n<p><span style=\"font-weight: 400;\">Deskundig en bekwaam<\/span><\/p>\n<\/li>\n<li>\n<p><span style=\"font-weight: 400;\"><\/span>Toonaangevend<\/p>\n<\/li>\n<li><span style=\"font-weight: 400;\">Klantvriendelijkheid<\/span><\/li>\n<li><span style=\"font-weight: 400;\">Professioneel<\/span><\/li>\n<\/ul>\n<p>[\/et_pb_text][\/et_pb_column][\/et_pb_row][et_pb_row _builder_version=&#8221;4.9.0&#8243; _module_preset=&#8221;default&#8221; custom_padding=&#8221;5px||10px|||&#8221; locked=&#8221;off&#8221;][et_pb_column type=&#8221;4_4&#8243; _builder_version=&#8221;4.9.0&#8243; _module_preset=&#8221;default&#8221;][et_pb_text _builder_version=&#8221;4.9.0&#8243; _module_preset=&#8221;default&#8221; text_font=&#8221;Roboto||||||||&#8221; text_orientation=&#8221;justified&#8221; hover_enabled=&#8221;0&#8243; locked=&#8221;off&#8221; sticky_enabled=&#8221;0&#8243;]<\/p>\n<p><span style=\"font-weight: 400;\">Etaleren wij de kracht voor Educatie.<\/span><\/p>\n<p>[\/et_pb_text][\/et_pb_column][\/et_pb_row][\/et_pb_section][et_pb_section fb_built=&#8221;1&#8243; _builder_version=&#8221;4.9.0&#8243; _module_preset=&#8221;default&#8221; custom_padding=&#8221;2px||6px|||&#8221; da_disable_devices=&#8221;off|off|off&#8221; locked=&#8221;off&#8221; da_is_popup=&#8221;off&#8221; da_exit_intent=&#8221;off&#8221; da_has_close=&#8221;on&#8221; da_alt_close=&#8221;off&#8221; da_dark_close=&#8221;off&#8221; da_not_modal=&#8221;on&#8221; da_is_singular=&#8221;off&#8221; da_with_loader=&#8221;off&#8221; da_has_shadow=&#8221;on&#8221;][et_pb_row _builder_version=&#8221;4.9.0&#8243; _module_preset=&#8221;default&#8221;][et_pb_column type=&#8221;4_4&#8243; _builder_version=&#8221;4.9.0&#8243; _module_preset=&#8221;default&#8221;][et_pb_text _builder_version=&#8221;4.9.0&#8243; _module_preset=&#8221;default&#8221;]<\/p>\n<h3 style=\"text-align: center;\"><strong>Need More Information?<\/strong><\/h3>\n<p>[\/et_pb_text][et_pb_button button_url=&#8221;@ET-DC@eyJkeW5hbWljIjp0cnVlLCJjb250ZW50IjoicG9zdF9saW5rX3VybF9wYWdlIiwic2V0dGluZ3MiOnsicG9zdF9pZCI6IjE2MTkifX0=@&#8221; button_text=&#8221;Talk With A Team Member!&#8221; button_alignment=&#8221;center&#8221; _builder_version=&#8221;4.9.0&#8243; _dynamic_attributes=&#8221;button_url&#8221; _module_preset=&#8221;default&#8221; custom_margin=&#8221;-20px||||false|false&#8221; locked=&#8221;off&#8221;][\/et_pb_button][\/et_pb_column][\/et_pb_row][\/et_pb_section]<\/p>\n","protected":false},"excerpt":{"rendered":"<p>Oil, Gas &#038; MiningNetwerken in Olie en Gas Met de steeds veranderende olieprijzen realiseren olie- en gasbedrijven zich dat ze flexibeler en innovatiever moeten worden in de manier waarop ze zich voorbereiden op onvermijdelijke marktverschuivingen. Als zodanig is hun focus gericht op het vinden van de beste mogelijkheden om de productie-effici\u00ebntie te optimaliseren en tegelijkertijd [&hellip;]<\/p>\n","protected":false},"author":1,"featured_media":0,"parent":0,"menu_order":0,"comment_status":"closed","ping_status":"closed","template":"","meta":{"_et_pb_use_builder":"on","_et_pb_old_content":"","_et_gb_content_width":"","footnotes":""},"class_list":["post-2521","page","type-page","status-publish","hentry"],"yoast_head":"<!-- This site is optimized with the Yoast SEO plugin v27.5 - https:\/\/yoast.com\/product\/yoast-seo-wordpress\/ -->\n<title>Oil, Gas &amp; Mining - RPBG<\/title>\n<meta name=\"robots\" content=\"index, follow, max-snippet:-1, max-image-preview:large, max-video-preview:-1\" \/>\n<link rel=\"canonical\" href=\"https:\/\/rpbg.com\/rpbg\/en_us\/oil-gas-mining\/\" \/>\n<meta property=\"og:locale\" content=\"en_US\" \/>\n<meta property=\"og:type\" content=\"article\" \/>\n<meta property=\"og:title\" content=\"Oil, Gas &amp; Mining - RPBG\" \/>\n<meta property=\"og:description\" content=\"Oil, Gas &amp; MiningNetwerken in Olie en Gas Met de steeds veranderende olieprijzen realiseren olie- en gasbedrijven zich dat ze flexibeler en innovatiever moeten worden in de manier waarop ze zich voorbereiden op onvermijdelijke marktverschuivingen. Als zodanig is hun focus gericht op het vinden van de beste mogelijkheden om de productie-effici\u00ebntie te optimaliseren en tegelijkertijd [&hellip;]\" \/>\n<meta property=\"og:url\" content=\"https:\/\/rpbg.com\/rpbg\/en_us\/oil-gas-mining\/\" \/>\n<meta property=\"og:site_name\" content=\"RPBG\" \/>\n<meta property=\"article:publisher\" content=\"https:\/\/www.facebook.com\/RPBG.ICT\/\" \/>\n<meta property=\"article:modified_time\" content=\"2021-04-07T14:31:02+00:00\" \/>\n<meta name=\"twitter:card\" content=\"summary_large_image\" \/>\n<meta name=\"twitter:site\" content=\"@RPBG\" \/>\n<meta name=\"twitter:label1\" content=\"Est. reading time\" \/>\n\t<meta name=\"twitter:data1\" content=\"7 minutes\" \/>\n<!-- \/ Yoast SEO plugin. -->","yoast_head_json":{"title":"Oil, Gas & Mining - RPBG","robots":{"index":"index","follow":"follow","max-snippet":"max-snippet:-1","max-image-preview":"max-image-preview:large","max-video-preview":"max-video-preview:-1"},"canonical":"https:\/\/rpbg.com\/rpbg\/en_us\/oil-gas-mining\/","og_locale":"en_US","og_type":"article","og_title":"Oil, Gas & Mining - RPBG","og_description":"Oil, Gas & MiningNetwerken in Olie en Gas Met de steeds veranderende olieprijzen realiseren olie- en gasbedrijven zich dat ze flexibeler en innovatiever moeten worden in de manier waarop ze zich voorbereiden op onvermijdelijke marktverschuivingen. Als zodanig is hun focus gericht op het vinden van de beste mogelijkheden om de productie-effici\u00ebntie te optimaliseren en tegelijkertijd [&hellip;]","og_url":"https:\/\/rpbg.com\/rpbg\/en_us\/oil-gas-mining\/","og_site_name":"RPBG","article_publisher":"https:\/\/www.facebook.com\/RPBG.ICT\/","article_modified_time":"2021-04-07T14:31:02+00:00","twitter_card":"summary_large_image","twitter_site":"@RPBG","twitter_misc":{"Est. reading time":"7 minutes"},"schema":{"@context":"https:\/\/schema.org","@graph":[{"@type":"WebPage","@id":"https:\/\/rpbg.com\/rpbg\/oil-gas-mining\/","url":"https:\/\/rpbg.com\/rpbg\/oil-gas-mining\/","name":"Oil, Gas & Mining - RPBG","isPartOf":{"@id":"https:\/\/rpbg.com\/rpbg\/#website"},"datePublished":"2021-03-16T13:28:35+00:00","dateModified":"2021-04-07T14:31:02+00:00","breadcrumb":{"@id":"https:\/\/rpbg.com\/rpbg\/oil-gas-mining\/#breadcrumb"},"inLanguage":"en-US","potentialAction":[{"@type":"ReadAction","target":["https:\/\/rpbg.com\/rpbg\/oil-gas-mining\/"]}]},{"@type":"BreadcrumbList","@id":"https:\/\/rpbg.com\/rpbg\/oil-gas-mining\/#breadcrumb","itemListElement":[{"@type":"ListItem","position":1,"name":"Home","item":"https:\/\/rpbg.com\/rpbg\/"},{"@type":"ListItem","position":2,"name":"Oil, Gas &#038; Mining"}]},{"@type":"WebSite","@id":"https:\/\/rpbg.com\/rpbg\/#website","url":"https:\/\/rpbg.com\/rpbg\/","name":"RPBG","description":"IT Company","publisher":{"@id":"https:\/\/rpbg.com\/rpbg\/#organization"},"potentialAction":[{"@type":"SearchAction","target":{"@type":"EntryPoint","urlTemplate":"https:\/\/rpbg.com\/rpbg\/?s={search_term_string}"},"query-input":{"@type":"PropertyValueSpecification","valueRequired":true,"valueName":"search_term_string"}}],"inLanguage":"en-US"},{"@type":"Organization","@id":"https:\/\/rpbg.com\/rpbg\/#organization","name":"RPBG","url":"https:\/\/rpbg.com\/rpbg\/","logo":{"@type":"ImageObject","inLanguage":"en-US","@id":"https:\/\/rpbg.com\/rpbg\/#\/schema\/logo\/image\/","url":"https:\/\/rpbg.com\/rpbg\/wp-content\/uploads\/2021\/02\/RPBG-logo-blokjes.png","contentUrl":"https:\/\/rpbg.com\/rpbg\/wp-content\/uploads\/2021\/02\/RPBG-logo-blokjes.png","width":216,"height":220,"caption":"RPBG"},"image":{"@id":"https:\/\/rpbg.com\/rpbg\/#\/schema\/logo\/image\/"},"sameAs":["https:\/\/www.facebook.com\/RPBG.ICT\/","https:\/\/x.com\/RPBG","https:\/\/www.instagram.com\/rpbgict\/?hl=en","https:\/\/sr.linkedin.com\/company\/rosheuvel-partners-business-group-n-v?trk=similar-pages_result-card_full-click"]}]}},"_links":{"self":[{"href":"https:\/\/rpbg.com\/rpbg\/en_us\/wp-json\/wp\/v2\/pages\/2521","targetHints":{"allow":["GET"]}}],"collection":[{"href":"https:\/\/rpbg.com\/rpbg\/en_us\/wp-json\/wp\/v2\/pages"}],"about":[{"href":"https:\/\/rpbg.com\/rpbg\/en_us\/wp-json\/wp\/v2\/types\/page"}],"author":[{"embeddable":true,"href":"https:\/\/rpbg.com\/rpbg\/en_us\/wp-json\/wp\/v2\/users\/1"}],"replies":[{"embeddable":true,"href":"https:\/\/rpbg.com\/rpbg\/en_us\/wp-json\/wp\/v2\/comments?post=2521"}],"version-history":[{"count":20,"href":"https:\/\/rpbg.com\/rpbg\/en_us\/wp-json\/wp\/v2\/pages\/2521\/revisions"}],"predecessor-version":[{"id":4249,"href":"https:\/\/rpbg.com\/rpbg\/en_us\/wp-json\/wp\/v2\/pages\/2521\/revisions\/4249"}],"wp:attachment":[{"href":"https:\/\/rpbg.com\/rpbg\/en_us\/wp-json\/wp\/v2\/media?parent=2521"}],"curies":[{"name":"wp","href":"https:\/\/api.w.org\/{rel}","templated":true}]}}